{"id":1448,"date":"2024-08-31T21:59:40","date_gmt":"2024-08-31T18:59:40","guid":{"rendered":"https:\/\/www.berrasertel.com\/deu\/?page_id=1448"},"modified":"2024-08-31T21:59:40","modified_gmt":"2024-08-31T18:59:40","slug":"ortaya-karisik-yoga","status":"publish","type":"page","link":"https:\/\/www.berrasertel.com\/deu\/ortaya-karisik-yoga\/","title":{"rendered":"Ortaya kar\u0131\u015f\u0131k yoga"},"content":{"rendered":"<p><img loading=\"lazy\" decoding=\"async\" class=\"alignnone size-full wp-image-2765 alignleft\" src=\"https:\/\/www.berrasertel.com\/wp-content\/uploads\/2024\/02\/ortayakarisik4.jpg\" alt=\"\" width=\"200\" height=\"267\" \/><\/p>\n<p>\u201eYoga, Etwas von Allem\u201c wurde geschrieben, um Ihnen zu helfen, Yoga besser verstehen zu k\u00f6nnen und sich selbst einen Schritt n\u00e4her zu kommen.<\/p>\n<p>Wollen Sie mehr \u00fcber Yoga erfahren oder haben sie neu mit Yoga angefangen, wird dieses Buch ein Wegweiser f\u00fcr Sie sein. In diesem Buch finden Sie pr\u00e4gnante Informationen zu Themen wie den Grundlagen vom Yoga, verschiedenen Yoga-Schulen, den Vorteilen von Yoga-Stellungen, Chakren, Elementen, Faszien und der Energietransformation.<\/p>\n<p>Welche Yogaschule passt besser zu dir?<br \/>\nWelche Haltung ist wof\u00fcr gut?<br \/>\nWie kann man Chakren stimmulieren?<br \/>\nVerursacht ein Elementmangel eine Depression?<br \/>\nWas bewirken Faszien beim Yoga?<br \/>\nWie erfolgt die Energieumwandlung?<br \/>\nAll diese Fragen und vieles mehr beantwortet Berra Sertel im einzigartigen Stil in diesem Buch.<br \/>\n&nbsp;<\/p>\n<hr \/>\n<p><strong>siehe Kaufoption<br \/>\n<a href=\"https:\/\/www.trendyol.com\/bam\/ortaya-karisik-yoga-p-807690522?boutiqueId=61&amp;merchantId=794487\" target=\"_blank\" rel=\"noopener\">Ortaya kar\u0131\u015f\u0131k yoga<\/a><\/strong><\/p>\n","protected":false},"excerpt":{"rendered":"<p>\u201eYoga, Etwas von Allem\u201c wurde geschrieben, um Ihnen zu helfen, Yoga besser verstehen zu k\u00f6nnen und sich selbst einen Schritt n\u00e4her zu kommen. Wollen Sie mehr \u00fcber Yoga erfahren oder haben sie neu mit Yoga angefangen, wird dieses Buch ein Wegweiser f\u00fcr Sie sein. In diesem Buch finden Sie pr\u00e4gnante\u2026 <a class=\"continue-reading-link\" href=\"https:\/\/www.berrasertel.com\/deu\/ortaya-karisik-yoga\/\">Continue reading<\/a><\/p>\n","protected":false},"author":2,"featured_media":0,"parent":0,"menu_order":0,"comment_status":"closed","ping_status":"closed","template":"","meta":{"footnotes":""},"class_list":["post-1448","page","type-page","status-publish","hentry"],"yoast_head":"<!-- This site is optimized with the Yoast SEO plugin v19.9 - https:\/\/yoast.com\/wordpress\/plugins\/seo\/ -->\n<title>Ortaya kar\u0131\u015f\u0131k yoga - Berra Sertel<\/title>\n<meta name=\"robots\" content=\"index, follow, max-snippet:-1, max-image-preview:large, max-video-preview:-1\" \/>\n<link rel=\"canonical\" href=\"https:\/\/www.berrasertel.com\/deu\/ortaya-karisik-yoga\/\" \/>\n<meta property=\"og:locale\" content=\"de_DE\" \/>\n<meta property=\"og:type\" content=\"article\" \/>\n<meta property=\"og:title\" content=\"Ortaya kar\u0131\u015f\u0131k yoga - Berra Sertel\" \/>\n<meta property=\"og:description\" content=\"\u201eYoga, Etwas von Allem\u201c wurde geschrieben, um Ihnen zu helfen, Yoga besser verstehen zu k\u00f6nnen und sich selbst einen Schritt n\u00e4her zu kommen. Wollen Sie mehr \u00fcber Yoga erfahren oder haben sie neu mit Yoga angefangen, wird dieses Buch ein Wegweiser f\u00fcr Sie sein. In diesem Buch finden Sie pr\u00e4gnante\u2026 Continue reading\" \/>\n<meta property=\"og:url\" content=\"https:\/\/www.berrasertel.com\/deu\/ortaya-karisik-yoga\/\" \/>\n<meta property=\"og:site_name\" content=\"Berra Sertel\" \/>\n<meta property=\"og:image\" content=\"https:\/\/www.berrasertel.com\/wp-content\/uploads\/2024\/02\/ortayakarisik4.jpg\" \/>\n<meta name=\"twitter:card\" content=\"summary_large_image\" \/>\n<script type=\"application\/ld+json\" class=\"yoast-schema-graph\">{\"@context\":\"https:\/\/schema.org\",\"@graph\":[{\"@type\":\"WebPage\",\"@id\":\"https:\/\/www.berrasertel.com\/deu\/ortaya-karisik-yoga\/\",\"url\":\"https:\/\/www.berrasertel.com\/deu\/ortaya-karisik-yoga\/\",\"name\":\"Ortaya kar\u0131\u015f\u0131k yoga - Berra Sertel\",\"isPartOf\":{\"@id\":\"https:\/\/www.berrasertel.com\/deu\/#website\"},\"datePublished\":\"2024-08-31T18:59:40+00:00\",\"dateModified\":\"2024-08-31T18:59:40+00:00\",\"breadcrumb\":{\"@id\":\"https:\/\/www.berrasertel.com\/deu\/ortaya-karisik-yoga\/#breadcrumb\"},\"inLanguage\":\"de\",\"potentialAction\":[{\"@type\":\"ReadAction\",\"target\":[\"https:\/\/www.berrasertel.com\/deu\/ortaya-karisik-yoga\/\"]}]},{\"@type\":\"BreadcrumbList\",\"@id\":\"https:\/\/www.berrasertel.com\/deu\/ortaya-karisik-yoga\/#breadcrumb\",\"itemListElement\":[{\"@type\":\"ListItem\",\"position\":1,\"name\":\"Startseite\",\"item\":\"https:\/\/www.berrasertel.com\/deu\/\"},{\"@type\":\"ListItem\",\"position\":2,\"name\":\"Ortaya kar\u0131\u015f\u0131k yoga\"}]},{\"@type\":\"WebSite\",\"@id\":\"https:\/\/www.berrasertel.com\/deu\/#website\",\"url\":\"https:\/\/www.berrasertel.com\/deu\/\",\"name\":\"Berra Sertel\",\"description\":\"Bir ba\u015fka WordPress sitesi\",\"publisher\":{\"@id\":\"https:\/\/www.berrasertel.com\/deu\/#organization\"},\"potentialAction\":[{\"@type\":\"SearchAction\",\"target\":{\"@type\":\"EntryPoint\",\"urlTemplate\":\"https:\/\/www.berrasertel.com\/deu\/?s={search_term_string}\"},\"query-input\":\"required name=search_term_string\"}],\"inLanguage\":\"de\"},{\"@type\":\"Organization\",\"@id\":\"https:\/\/www.berrasertel.com\/deu\/#organization\",\"name\":\"Berra Sertel\",\"url\":\"https:\/\/www.berrasertel.com\/deu\/\",\"logo\":{\"@type\":\"ImageObject\",\"inLanguage\":\"de\",\"@id\":\"https:\/\/www.berrasertel.com\/deu\/#\/schema\/logo\/image\/\",\"url\":\"https:\/\/www.berrasertel.com\/deu\/wp-content\/uploads\/2022\/10\/berrasertelbedenkocu-logo4-1.jpg\",\"contentUrl\":\"https:\/\/www.berrasertel.com\/deu\/wp-content\/uploads\/2022\/10\/berrasertelbedenkocu-logo4-1.jpg\",\"width\":1050,\"height\":100,\"caption\":\"Berra Sertel\"},\"image\":{\"@id\":\"https:\/\/www.berrasertel.com\/deu\/#\/schema\/logo\/image\/\"}}]}<\/script>\n<!-- \/ Yoast SEO plugin. -->","yoast_head_json":{"title":"Ortaya kar\u0131\u015f\u0131k yoga - Berra Sertel","robots":{"index":"index","follow":"follow","max-snippet":"max-snippet:-1","max-image-preview":"max-image-preview:large","max-video-preview":"max-video-preview:-1"},"canonical":"https:\/\/www.berrasertel.com\/deu\/ortaya-karisik-yoga\/","og_locale":"de_DE","og_type":"article","og_title":"Ortaya kar\u0131\u015f\u0131k yoga - Berra Sertel","og_description":"\u201eYoga, Etwas von Allem\u201c wurde geschrieben, um Ihnen zu helfen, Yoga besser verstehen zu k\u00f6nnen und sich selbst einen Schritt n\u00e4her zu kommen. Wollen Sie mehr \u00fcber Yoga erfahren oder haben sie neu mit Yoga angefangen, wird dieses Buch ein Wegweiser f\u00fcr Sie sein. In diesem Buch finden Sie pr\u00e4gnante\u2026 Continue reading","og_url":"https:\/\/www.berrasertel.com\/deu\/ortaya-karisik-yoga\/","og_site_name":"Berra Sertel","og_image":[{"url":"https:\/\/www.berrasertel.com\/wp-content\/uploads\/2024\/02\/ortayakarisik4.jpg"}],"twitter_card":"summary_large_image","schema":{"@context":"https:\/\/schema.org","@graph":[{"@type":"WebPage","@id":"https:\/\/www.berrasertel.com\/deu\/ortaya-karisik-yoga\/","url":"https:\/\/www.berrasertel.com\/deu\/ortaya-karisik-yoga\/","name":"Ortaya kar\u0131\u015f\u0131k yoga - Berra Sertel","isPartOf":{"@id":"https:\/\/www.berrasertel.com\/deu\/#website"},"datePublished":"2024-08-31T18:59:40+00:00","dateModified":"2024-08-31T18:59:40+00:00","breadcrumb":{"@id":"https:\/\/www.berrasertel.com\/deu\/ortaya-karisik-yoga\/#breadcrumb"},"inLanguage":"de","potentialAction":[{"@type":"ReadAction","target":["https:\/\/www.berrasertel.com\/deu\/ortaya-karisik-yoga\/"]}]},{"@type":"BreadcrumbList","@id":"https:\/\/www.berrasertel.com\/deu\/ortaya-karisik-yoga\/#breadcrumb","itemListElement":[{"@type":"ListItem","position":1,"name":"Startseite","item":"https:\/\/www.berrasertel.com\/deu\/"},{"@type":"ListItem","position":2,"name":"Ortaya kar\u0131\u015f\u0131k yoga"}]},{"@type":"WebSite","@id":"https:\/\/www.berrasertel.com\/deu\/#website","url":"https:\/\/www.berrasertel.com\/deu\/","name":"Berra Sertel","description":"Bir ba\u015fka WordPress sitesi","publisher":{"@id":"https:\/\/www.berrasertel.com\/deu\/#organization"},"potentialAction":[{"@type":"SearchAction","target":{"@type":"EntryPoint","urlTemplate":"https:\/\/www.berrasertel.com\/deu\/?s={search_term_string}"},"query-input":"required name=search_term_string"}],"inLanguage":"de"},{"@type":"Organization","@id":"https:\/\/www.berrasertel.com\/deu\/#organization","name":"Berra Sertel","url":"https:\/\/www.berrasertel.com\/deu\/","logo":{"@type":"ImageObject","inLanguage":"de","@id":"https:\/\/www.berrasertel.com\/deu\/#\/schema\/logo\/image\/","url":"https:\/\/www.berrasertel.com\/deu\/wp-content\/uploads\/2022\/10\/berrasertelbedenkocu-logo4-1.jpg","contentUrl":"https:\/\/www.berrasertel.com\/deu\/wp-content\/uploads\/2022\/10\/berrasertelbedenkocu-logo4-1.jpg","width":1050,"height":100,"caption":"Berra Sertel"},"image":{"@id":"https:\/\/www.berrasertel.com\/deu\/#\/schema\/logo\/image\/"}}]}},"_links":{"self":[{"href":"https:\/\/www.berrasertel.com\/deu\/wp-json\/wp\/v2\/pages\/1448","targetHints":{"allow":["GET"]}}],"collection":[{"href":"https:\/\/www.berrasertel.com\/deu\/wp-json\/wp\/v2\/pages"}],"about":[{"href":"https:\/\/www.berrasertel.com\/deu\/wp-json\/wp\/v2\/types\/page"}],"author":[{"embeddable":true,"href":"https:\/\/www.berrasertel.com\/deu\/wp-json\/wp\/v2\/users\/2"}],"replies":[{"embeddable":true,"href":"https:\/\/www.berrasertel.com\/deu\/wp-json\/wp\/v2\/comments?post=1448"}],"version-history":[{"count":1,"href":"https:\/\/www.berrasertel.com\/deu\/wp-json\/wp\/v2\/pages\/1448\/revisions"}],"predecessor-version":[{"id":1449,"href":"https:\/\/www.berrasertel.com\/deu\/wp-json\/wp\/v2\/pages\/1448\/revisions\/1449"}],"wp:attachment":[{"href":"https:\/\/www.berrasertel.com\/deu\/wp-json\/wp\/v2\/media?parent=1448"}],"curies":[{"name":"wp","href":"https:\/\/api.w.org\/{rel}","templated":true}]}}